{"id":321,"date":"2023-08-10T14:35:54","date_gmt":"2023-08-10T12:35:54","guid":{"rendered":"http:\/\/weihed.com\/?page_id=321"},"modified":"2023-08-13T17:04:12","modified_gmt":"2023-08-13T15:04:12","slug":"koh-lantas-aldsta-trad","status":"publish","type":"page","link":"http:\/\/weihed.com\/index.php\/weihed-home\/bosses-bilder\/thailand\/koh-lantas-aldsta-trad\/","title":{"rendered":"Koh Lantas \u00e4ldsta tr\u00e4d"},"content":{"rendered":"\n<p><a href=\"http:\/\/weihed.com\/index.php\/weihed-home\/bosses-bilder\/thailand\/\" data-type=\"page\" data-id=\"161\">Tillbaka<\/a><\/p>\n\n\n\n<p>L\u00e4ngst s\u00f6derut p\u00e5 Koh Lanta ligger en liten resort som heter Pirate&#8217;s Paradise Adventure Resort. H\u00e4rifr\u00e5n g\u00e5r en stig ut i regnskogen, stigen leder bl.a. till vad som s\u00e4gs vara Koh Lantas \u00e4ldsta tr\u00e4d. Tr\u00e4det \u00e4r ca 1000 \u00e5r gammalt. En m\u00e4ktig gigant i n\u00e4rheten av Mu Koh Lanta Nationalpark v\u00e4l v\u00e4rd ett bes\u00f6k.<\/p>\n\n\n\n<figure class=\"wp-block-gallery has-nested-images columns-default is-cropped wp-block-gallery-1 is-layout-flex wp-block-gallery-is-layout-flex\">\n<figure class=\"wp-block-image size-full\"><a href=\"http:\/\/weihed.com\/wp-content\/uploads\/2023\/08\/Tree-1-scaled.jpg\"><img loading=\"lazy\" decoding=\"async\" width=\"2560\" height=\"1707\" data-id=\"328\" src=\"http:\/\/weihed.com\/wp-content\/uploads\/2023\/08\/Tree-1-scaled.jpg\" alt=\"\" class=\"wp-image-328\" srcset=\"http:\/\/weihed.com\/wp-content\/uploads\/2023\/08\/Tree-1-scaled.jpg 2560w, http:\/\/weihed.com\/wp-content\/uploads\/2023\/08\/Tree-1-300x200.jpg 300w, http:\/\/weihed.com\/wp-content\/uploads\/2023\/08\/Tree-1-1024x683.jpg 1024w, http:\/\/weihed.com\/wp-content\/uploads\/2023\/08\/Tree-1-768x512.jpg 768w\" sizes=\"auto, (max-width: 767px) 89vw, (max-width: 1000px) 54vw, (max-width: 1071px) 543px, 580px\" \/><\/a><\/figure>\n\n\n\n<figure class=\"wp-block-image size-full\"><a href=\"http:\/\/weihed.com\/wp-content\/uploads\/2023\/08\/Tree-2-scaled.jpg\"><img loading=\"lazy\" decoding=\"async\" width=\"2560\" height=\"1707\" data-id=\"329\" src=\"http:\/\/weihed.com\/wp-content\/uploads\/2023\/08\/Tree-2-scaled.jpg\" alt=\"\" class=\"wp-image-329\" srcset=\"http:\/\/weihed.com\/wp-content\/uploads\/2023\/08\/Tree-2-scaled.jpg 2560w, http:\/\/weihed.com\/wp-content\/uploads\/2023\/08\/Tree-2-300x200.jpg 300w, http:\/\/weihed.com\/wp-content\/uploads\/2023\/08\/Tree-2-1024x683.jpg 1024w, http:\/\/weihed.com\/wp-content\/uploads\/2023\/08\/Tree-2-768x512.jpg 768w\" sizes=\"auto, (max-width: 767px) 89vw, (max-width: 1000px) 54vw, (max-width: 1071px) 543px, 580px\" \/><\/a><\/figure>\n\n\n\n<figure class=\"wp-block-image size-full\"><a href=\"http:\/\/weihed.com\/wp-content\/uploads\/2023\/08\/Tree-3-scaled.jpg\"><img loading=\"lazy\" decoding=\"async\" width=\"2560\" height=\"1707\" data-id=\"330\" src=\"http:\/\/weihed.com\/wp-content\/uploads\/2023\/08\/Tree-3-scaled.jpg\" alt=\"\" class=\"wp-image-330\" srcset=\"http:\/\/weihed.com\/wp-content\/uploads\/2023\/08\/Tree-3-scaled.jpg 2560w, http:\/\/weihed.com\/wp-content\/uploads\/2023\/08\/Tree-3-300x200.jpg 300w, http:\/\/weihed.com\/wp-content\/uploads\/2023\/08\/Tree-3-1024x683.jpg 1024w, http:\/\/weihed.com\/wp-content\/uploads\/2023\/08\/Tree-3-768x512.jpg 768w\" sizes=\"auto, (max-width: 767px) 89vw, (max-width: 1000px) 54vw, (max-width: 1071px) 543px, 580px\" \/><\/a><\/figure>\n\n\n\n<figure class=\"wp-block-image size-full\"><a href=\"http:\/\/weihed.com\/wp-content\/uploads\/2023\/08\/Tree-4-scaled.jpg\"><img loading=\"lazy\" decoding=\"async\" width=\"2560\" height=\"1707\" data-id=\"331\" src=\"http:\/\/weihed.com\/wp-content\/uploads\/2023\/08\/Tree-4-scaled.jpg\" alt=\"\" class=\"wp-image-331\" srcset=\"http:\/\/weihed.com\/wp-content\/uploads\/2023\/08\/Tree-4-scaled.jpg 2560w, http:\/\/weihed.com\/wp-content\/uploads\/2023\/08\/Tree-4-300x200.jpg 300w, http:\/\/weihed.com\/wp-content\/uploads\/2023\/08\/Tree-4-1024x683.jpg 1024w, http:\/\/weihed.com\/wp-content\/uploads\/2023\/08\/Tree-4-768x512.jpg 768w\" sizes=\"auto, (max-width: 767px) 89vw, (max-width: 1000px) 54vw, (max-width: 1071px) 543px, 580px\" \/><\/a><\/figure>\n\n\n\n<figure class=\"wp-block-image size-full\"><a href=\"http:\/\/weihed.com\/wp-content\/uploads\/2023\/08\/Tree-5-scaled.jpg\"><img loading=\"lazy\" decoding=\"async\" width=\"2560\" height=\"1707\" data-id=\"332\" src=\"http:\/\/weihed.com\/wp-content\/uploads\/2023\/08\/Tree-5-scaled.jpg\" alt=\"\" class=\"wp-image-332\" srcset=\"http:\/\/weihed.com\/wp-content\/uploads\/2023\/08\/Tree-5-scaled.jpg 2560w, http:\/\/weihed.com\/wp-content\/uploads\/2023\/08\/Tree-5-300x200.jpg 300w, http:\/\/weihed.com\/wp-content\/uploads\/2023\/08\/Tree-5-1024x683.jpg 1024w, http:\/\/weihed.com\/wp-content\/uploads\/2023\/08\/Tree-5-768x512.jpg 768w\" sizes=\"auto, (max-width: 767px) 89vw, (max-width: 1000px) 54vw, (max-width: 1071px) 543px, 580px\" \/><\/a><\/figure>\n\n\n\n<figure class=\"wp-block-image size-full\"><a href=\"http:\/\/weihed.com\/wp-content\/uploads\/2023\/08\/Tree-6-scaled.jpg\"><img loading=\"lazy\" decoding=\"async\" width=\"2560\" height=\"1707\" data-id=\"333\" src=\"http:\/\/weihed.com\/wp-content\/uploads\/2023\/08\/Tree-6-scaled.jpg\" alt=\"\" class=\"wp-image-333\" srcset=\"http:\/\/weihed.com\/wp-content\/uploads\/2023\/08\/Tree-6-scaled.jpg 2560w, http:\/\/weihed.com\/wp-content\/uploads\/2023\/08\/Tree-6-300x200.jpg 300w, http:\/\/weihed.com\/wp-content\/uploads\/2023\/08\/Tree-6-1024x683.jpg 1024w, http:\/\/weihed.com\/wp-content\/uploads\/2023\/08\/Tree-6-768x512.jpg 768w\" sizes=\"auto, (max-width: 767px) 89vw, (max-width: 1000px) 54vw, (max-width: 1071px) 543px, 580px\" \/><\/a><\/figure>\n<\/figure>\n","protected":false},"excerpt":{"rendered":"<p>Tillbaka L\u00e4ngst s\u00f6derut p\u00e5 Koh Lanta ligger en liten resort som heter Pirate&#8217;s Paradise Adventure Resort. H\u00e4rifr\u00e5n g\u00e5r en stig ut i regnskogen, stigen leder bl.a. till vad som s\u00e4gs vara Koh Lantas \u00e4ldsta tr\u00e4d. Tr\u00e4det \u00e4r ca 1000 \u00e5r gammalt. En m\u00e4ktig gigant i n\u00e4rheten av Mu Koh Lanta Nationalpark v\u00e4l v\u00e4rd ett bes\u00f6k.<\/p>\n","protected":false},"author":1,"featured_media":0,"parent":161,"menu_order":0,"comment_status":"closed","ping_status":"closed","template":"","meta":{"inline_featured_image":false,"footnotes":""},"class_list":["post-321","page","type-page","status-publish","hentry"],"_links":{"self":[{"href":"http:\/\/weihed.com\/index.php\/wp-json\/wp\/v2\/pages\/321","targetHints":{"allow":["GET"]}}],"collection":[{"href":"http:\/\/weihed.com\/index.php\/wp-json\/wp\/v2\/pages"}],"about":[{"href":"http:\/\/weihed.com\/index.php\/wp-json\/wp\/v2\/types\/page"}],"author":[{"embeddable":true,"href":"http:\/\/weihed.com\/index.php\/wp-json\/wp\/v2\/users\/1"}],"replies":[{"embeddable":true,"href":"http:\/\/weihed.com\/index.php\/wp-json\/wp\/v2\/comments?post=321"}],"version-history":[{"count":6,"href":"http:\/\/weihed.com\/index.php\/wp-json\/wp\/v2\/pages\/321\/revisions"}],"predecessor-version":[{"id":368,"href":"http:\/\/weihed.com\/index.php\/wp-json\/wp\/v2\/pages\/321\/revisions\/368"}],"up":[{"embeddable":true,"href":"http:\/\/weihed.com\/index.php\/wp-json\/wp\/v2\/pages\/161"}],"wp:attachment":[{"href":"http:\/\/weihed.com\/index.php\/wp-json\/wp\/v2\/media?parent=321"}],"curies":[{"name":"wp","href":"https:\/\/api.w.org\/{rel}","templated":true}]}}